{"id":132643,"date":"2023-09-28T14:39:52","date_gmt":"2023-09-28T12:39:52","guid":{"rendered":"https:\/\/gaiaimpact.com\/legal-notices\/"},"modified":"2023-11-09T11:58:49","modified_gmt":"2023-11-09T10:58:49","slug":"legal-notices","status":"publish","type":"page","link":"https:\/\/gaiaimpact.com\/en\/legal-notices\/","title":{"rendered":"Legal Notices"},"content":{"rendered":"<div class=\"wpb-content-wrapper\"><p>[vc_row row_height_percent=&#8221;0&#8243; override_padding=&#8221;yes&#8221; h_padding=&#8221;2&#8243; top_padding=&#8221;7&#8243; bottom_padding=&#8221;4&#8243; back_color=&#8221;color-xsdn&#8221; overlay_alpha=&#8221;50&#8243; gutter_size=&#8221;3&#8243; column_width_percent=&#8221;100&#8243; shift_y=&#8221;0&#8243; z_index=&#8221;0&#8243; uncode_shortcode_id=&#8221;739034&#8243; back_color_type=&#8221;uncode-palette&#8221;][vc_column column_width_use_pixel=&#8221;yes&#8221; align_horizontal=&#8221;align_center&#8221; gutter_size=&#8221;2&#8243; overlay_alpha=&#8221;50&#8243; shift_x=&#8221;0&#8243; shift_y=&#8221;0&#8243; shift_y_down=&#8221;0&#8243; z_index=&#8221;0&#8243; medium_width=&#8221;0&#8243; mobile_width=&#8221;0&#8243; width=&#8221;1\/1&#8243; column_width_pixel=&#8221;900&#8243; uncode_shortcode_id=&#8221;191818&#8243;][vc_custom_heading heading_semantic=&#8221;h4&#8243; text_font=&#8221;font-469684&#8243; text_size=&#8221;fontsize-155944&#8243; text_weight=&#8221;400&#8243; text_transform=&#8221;uppercase&#8221; text_height=&#8221;fontheight-578034&#8243; text_space=&#8221;fontspace-135905&#8243; css_animation=&#8221;marquee-scroll&#8221; marquee_clone=&#8221;yes&#8221; uncode_shortcode_id=&#8221;940960&#8243; text_color_type=&#8221;uncode-solid&#8221; text_color_solid=&#8221;#f8b53e&#8221;]GAIA IMPACT \u2e3b[\/vc_custom_heading][vc_custom_heading heading_semantic=&#8221;h6&#8243; text_font=&#8221;font-469684&#8243; text_size=&#8221;fontsize-338686&#8243; text_weight=&#8221;400&#8243; text_transform=&#8221;uppercase&#8221; text_height=&#8221;fontheight-578034&#8243; text_space=&#8221;fontspace-135905&#8243; css_animation=&#8221;marquee-scroll-opposite&#8221; uncode_shortcode_id=&#8221;161253&#8243; text_color_type=&#8221;uncode-solid&#8221; text_color_solid=&#8221;#f8b53e&#8221;]LEGAL NOTICES[\/vc_custom_heading][\/vc_column][\/vc_row][vc_row row_height_percent=&#8221;0&#8243; override_padding=&#8221;yes&#8221; h_padding=&#8221;2&#8243; top_padding=&#8221;0&#8243; bottom_padding=&#8221;5&#8243; back_color=&#8221;color-xsdn&#8221; overlay_alpha=&#8221;50&#8243; gutter_size=&#8221;3&#8243; column_width_percent=&#8221;100&#8243; shift_y=&#8221;0&#8243; z_index=&#8221;0&#8243; uncode_shortcode_id=&#8221;108211&#8243; back_color_type=&#8221;uncode-palette&#8221;][vc_column column_width_percent=&#8221;100&#8243; position_vertical=&#8221;middle&#8221; gutter_size=&#8221;1&#8243; style=&#8221;light&#8221; overlay_alpha=&#8221;50&#8243; shift_x=&#8221;0&#8243; shift_y=&#8221;0&#8243; shift_y_down=&#8221;0&#8243; z_index=&#8221;0&#8243; medium_width=&#8221;0&#8243; mobile_width=&#8221;0&#8243; width=&#8221;1\/1&#8243; uncode_shortcode_id=&#8221;125199&#8243;][vc_empty_space empty_h=&#8221;3&#8243;][vc_column_text uncode_shortcode_id=&#8221;656135&#8243;]Directeur de publication : H\u00e9l\u00e8ne DEMAEGDT<\/p>\n<p><b>H\u00e9bergeur : OVH<\/b><br \/>\nAdresse : 2 rue Kellermann \u2013 59100 ROUBAIX \u2013 France<br \/>\nSupport : <a href=\"http:\/\/www.ovh.com\/fr\/support\/\" target=\"_blank\" rel=\"noopener\" data-saferedirecturl=\"https:\/\/www.google.com\/url?q=http:\/\/www.ovh.com\/fr\/support\/&amp;source=gmail&amp;ust=1695981997673000&amp;usg=AOvVaw1UjxVZVUc4D6hp6CBuxfQf\">http:\/\/www.ovh.com\/fr\/support\/<\/a><\/p>\n<p><b>Protection des donn\u00e9es personnelles<\/b><br \/>\nToutes les informations fournies lors de vos visites sur <a href=\"http:\/\/gaia-impactfund.com\/\" target=\"_blank\" rel=\"noopener\" data-saferedirecturl=\"https:\/\/www.google.com\/url?q=http:\/\/gaia-impactfund.com&amp;source=gmail&amp;ust=1695981997674000&amp;usg=AOvVaw1qspjknIDsDUh3HZiwSXwq\">gaia-impactfund.com<\/a> sont strictement confidentielles. Elles ne sont jamais communiqu\u00e9es \u00e0 des tiers.<\/p>\n<div><a href=\"https:\/\/gaiaimpact.com\/en\/\" target=\"_blank\" rel=\"noopener\" data-saferedirecturl=\"https:\/\/www.google.com\/url?q=https:\/\/gaiaimpact.com&amp;source=gmail&amp;ust=1695981997674000&amp;usg=AOvVaw3Hwkw-z99rMCak1c5FM_2U\">gaiaimpact.com<\/a> s\u2019engage \u00e0 respecter la confidentialit\u00e9 de vos donn\u00e9es personnelles et \u00e0 les traiter dans le respect de la loi Informatique et Libert\u00e9s du 6 janvier 1978.<br \/>\nEn outre, en vertu de la loi Informatique et Libert\u00e9s du 6 janvier 1978, vous disposez d\u2019un droit d\u2019acc\u00e8s et de modification sur les renseignements vous concernant.<\/p>\n<div>\n<p>Vous pouvez exercer ceux-ci en adressant votre demande par courrier postal \u00e0 l\u2019adresse suivante : gaia impact \u2013 site internet \u2013 86 Boulevard de S\u00e9bastopol 75003 Paris.<\/p>\n<div>\n<p>Les donn\u00e9es de trafic collect\u00e9es ont uniquement pour objectif d\u2019analyser la fr\u00e9quentation des pages afin d\u2019en am\u00e9liorer le contenu. Les donn\u00e9es relatives \u00e0 la navigation des visiteurs ne sont pas exploit\u00e9es nominativement.<\/p>\n<p><b>Propri\u00e9t\u00e9 intellectuelle<\/b><br \/>\nLa pr\u00e9sentation et le contenu du pr\u00e9sent site constituent, ensemble, une \u0153uvre prot\u00e9g\u00e9e par les lois en vigueur sur la propri\u00e9t\u00e9 intellectuelle.<\/p>\n<p>Le site <a href=\"https:\/\/gaiaimpact.com\/en\/\" target=\"_blank\" rel=\"noopener\" data-saferedirecturl=\"https:\/\/www.google.com\/url?q=https:\/\/gaiaimpact.com&amp;source=gmail&amp;ust=1695981997674000&amp;usg=AOvVaw3Hwkw-z99rMCak1c5FM_2U\">gaiaimpact.com<\/a> est la propri\u00e9t\u00e9 pleine et enti\u00e8re de Gaia Impact qui est titulaire de l\u2019ensemble des droits y aff\u00e9rents. Les produits et leurs caract\u00e9ristiques, les photographies et les images du site sont la propri\u00e9t\u00e9 de Gaia Impact. En cons\u00e9quence, la reproduction partielle ou totale, sur quelque support que ce soit, des \u00e9l\u00e9ments composant le site, leur utilisation ainsi que leur mise \u00e0 disposition de tiers sont formellement interdits, sauf autorisation \u00e9crite du fonds de dotation Gaia Impact.<\/p>\n<p><b>Mise en garde sur le contenu<\/b><br \/>\nGaia Impact met tout en \u0153uvre pour offrir aux internautes des informations fiables et v\u00e9rifi\u00e9es. Cependant, malgr\u00e9 tous les soins apport\u00e9s, le site peut comporter des inexactitudes, des d\u00e9fauts de mise \u00e0 jour ou des erreurs. Les photographies et les informations sont non contractuelles.<\/p>\n<p>Les \u00e9l\u00e9ments pr\u00e9sent\u00e9s dans ce site sont susceptibles de modification sans pr\u00e9avis. Ils ne peuvent donner lieu \u00e0 un quelconque droit \u00e0 d\u00e9dommagement.<\/p>\n<p>Gaia Impact d\u00e9cline toute responsabilit\u00e9 en cas de difficult\u00e9 d\u2019acc\u00e8s \u00e0 son site ou d\u2019interruptions dans la connexion quelles qu\u2019en soient les causes. De plus, Gaia Impact ne saurait \u00eatre tenu responsable d\u2019un dommage ou virus qui pourrait infecter votre ordinateur ou tout mat\u00e9riel informatique, suite \u00e0 une utilisation ou acc\u00e8s au site ou t\u00e9l\u00e9chargement provenant de ce site.<\/p>\n<p>En toute hypoth\u00e8se et compte-tenu des conditions d\u2019utilisation, l\u2019utilisateur du site et des informations qu\u2019il contient, en fait usage sous sa seule responsabilit\u00e9 ; Gaia Impact ne saurait en cons\u00e9quence voir sa responsabilit\u00e9 engag\u00e9e \u00e0 raison de tout pr\u00e9judice, direct ou indirect, de quelque nature que ce soit, r\u00e9sultant pour tout ou partie de l\u2019utilisation de ce site, de l\u2019impossibilit\u00e9 d\u2019acc\u00e8s ou par toute erreur ou omission dans son contenu.<\/p>\n<\/div>\n<\/div>\n<\/div>\n<p>[\/vc_column_text][\/vc_column][\/vc_row]<\/p>\n<\/div>","protected":false},"excerpt":{"rendered":"<p>[vc_row row_height_percent=&#8221;0&#8243; override_padding=&#8221;yes&#8221; h_padding=&#8221;2&#8243; top_padding=&#8221;7&#8243; bottom_padding=&#8221;4&#8243; back_color=&#8221;color-xsdn&#8221; overlay_alpha=&#8221;50&#8243; gutter_size=&#8221;3&#8243; column_width_percent=&#8221;100&#8243; shift_y=&#8221;0&#8243; z_index=&#8221;0&#8243; uncode_shortcode_id=&#8221;739034&#8243; back_color_type=&#8221;uncode-palette&#8221;][vc_column column_width_use_pixel=&#8221;yes&#8221; align_horizontal=&#8221;align_center&#8221; gutter_size=&#8221;2&#8243; overlay_alpha=&#8221;50&#8243; shift_x=&#8221;0&#8243; shift_y=&#8221;0&#8243; [&hellip;]<\/p>\n","protected":false},"author":1,"featured_media":0,"parent":0,"menu_order":8,"comment_status":"closed","ping_status":"closed","template":"","meta":{"_monsterinsights_skip_tracking":false,"_monsterinsights_sitenote_active":false,"_monsterinsights_sitenote_note":"","_monsterinsights_sitenote_category":0,"footnotes":""},"class_list":["post-132643","page","type-page","status-publish","hentry"],"_links":{"self":[{"href":"https:\/\/gaiaimpact.com\/en\/wp-json\/wp\/v2\/pages\/132643","targetHints":{"allow":["GET"]}}],"collection":[{"href":"https:\/\/gaiaimpact.com\/en\/wp-json\/wp\/v2\/pages"}],"about":[{"href":"https:\/\/gaiaimpact.com\/en\/wp-json\/wp\/v2\/types\/page"}],"author":[{"embeddable":true,"href":"https:\/\/gaiaimpact.com\/en\/wp-json\/wp\/v2\/users\/1"}],"replies":[{"embeddable":true,"href":"https:\/\/gaiaimpact.com\/en\/wp-json\/wp\/v2\/comments?post=132643"}],"version-history":[{"count":2,"href":"https:\/\/gaiaimpact.com\/en\/wp-json\/wp\/v2\/pages\/132643\/revisions"}],"predecessor-version":[{"id":132645,"href":"https:\/\/gaiaimpact.com\/en\/wp-json\/wp\/v2\/pages\/132643\/revisions\/132645"}],"wp:attachment":[{"href":"https:\/\/gaiaimpact.com\/en\/wp-json\/wp\/v2\/media?parent=132643"}],"curies":[{"name":"wp","href":"https:\/\/api.w.org\/{rel}","templated":true}]}}